{"id":11109,"date":"2024-12-16T13:20:28","date_gmt":"2024-12-16T11:20:28","guid":{"rendered":"https:\/\/biaf.be\/partenaires\/"},"modified":"2025-12-01T13:00:42","modified_gmt":"2025-12-01T11:00:42","slug":"partenaires","status":"publish","type":"page","link":"https:\/\/biaf.be\/fr\/partenaires\/","title":{"rendered":"Partenaires"},"content":{"rendered":"\n<p><strong>Le BiAF travaille en \u00e9troite collaboration avec un nombre restreint de partenaires. Si vous souhaitez recevoir des informations sur les possibilit\u00e9s de parrainage et de communication, veuillez envoyer un message \u00e0 l'adresse suivante   <\/strong><a href=\"mailto:info@biaf.be\">info@biaf.be.<\/a> <br\/><br\/><\/p>\n\n<div class=\"wp-block-columns is-layout-flex wp-container-core-columns-is-layout-9d6595d7 wp-block-columns-is-layout-flex\">\n<div class=\"wp-block-column is-layout-flow wp-block-column-is-layout-flow\">\n<p><a href=\"https:\/\/exhibitionwalls.eu\">www.exhibitionwalls.eu  <\/a><br\/><br\/>Leur mission est d'am\u00e9liorer les foires d'art et les \u00e9v\u00e9nements majeurs \u00e0 travers l'Europe gr\u00e2ce \u00e0 des services de location qui allient qualit\u00e9, prix abordable, installation ais\u00e9e et service chaleureux. Ils sont convaincus que chacun m\u00e9rite d'avoir acc\u00e8s aux bonnes ressources pour r\u00e9aliser ses ambitions. <\/p>\n\n\n\n<figure class=\"wp-block-image size-full is-resized\"><img fetchpriority=\"high\" decoding=\"async\" width=\"2560\" height=\"1033\" src=\"https:\/\/biaf.be\/wp\/wp-content\/uploads\/Logo-Exhibition-Walls-scaled.png\" alt=\"\" class=\"wp-image-12169\" style=\"width:219px;height:auto\" srcset=\"https:\/\/biaf.be\/wp\/wp-content\/uploads\/Logo-Exhibition-Walls-scaled.png 2560w, https:\/\/biaf.be\/wp\/wp-content\/uploads\/Logo-Exhibition-Walls-300x121.png 300w, https:\/\/biaf.be\/wp\/wp-content\/uploads\/Logo-Exhibition-Walls-1024x413.png 1024w, https:\/\/biaf.be\/wp\/wp-content\/uploads\/Logo-Exhibition-Walls-768x310.png 768w, https:\/\/biaf.be\/wp\/wp-content\/uploads\/Logo-Exhibition-Walls-1536x620.png 1536w, https:\/\/biaf.be\/wp\/wp-content\/uploads\/Logo-Exhibition-Walls-2048x826.png 2048w, https:\/\/biaf.be\/wp\/wp-content\/uploads\/Logo-Exhibition-Walls-500x202.png 500w, https:\/\/biaf.be\/wp\/wp-content\/uploads\/Logo-Exhibition-Walls-800x323.png 800w, https:\/\/biaf.be\/wp\/wp-content\/uploads\/Logo-Exhibition-Walls-1280x516.png 1280w, https:\/\/biaf.be\/wp\/wp-content\/uploads\/Logo-Exhibition-Walls-1920x774.png 1920w, https:\/\/biaf.be\/wp\/wp-content\/uploads\/Logo-Exhibition-Walls-150x61.png 150w, https:\/\/biaf.be\/wp\/wp-content\/uploads\/Logo-Exhibition-Walls-420x169.png 420w, https:\/\/biaf.be\/wp\/wp-content\/uploads\/Logo-Exhibition-Walls-600x242.png 600w\" sizes=\"(max-width: 2560px) 100vw, 2560px\" \/><\/figure>\n<\/div>\n\n\n\n<div class=\"wp-block-column is-layout-flow wp-block-column-is-layout-flow\">\n<p><a href=\"http:\/\/www.justframeit.be\" data-type=\"link\" data-id=\"www.justframeit.be\">www.justframeit.be<\/a><br\/><br\/>Le moyen le plus simple d'encadrer sur mesure tout ce que vous aimez. Une entreprise sp\u00e9ciale avec un produit personnalis\u00e9 sp\u00e9cial. <br\/>Justframeit combine l'artisanat traditionnel, le commerce \u00e9lectronique, la logistique et une attention particuli\u00e8re \u00e0 l'exp\u00e9rience du client.  <br\/><\/p>\n\n\n\n<figure class=\"wp-block-image size-full\"><img decoding=\"async\" width=\"400\" height=\"100\" src=\"https:\/\/biaf.be\/wp\/wp-content\/uploads\/3.png\" alt=\"\" class=\"wp-image-11052\" srcset=\"https:\/\/biaf.be\/wp\/wp-content\/uploads\/3.png 400w, https:\/\/biaf.be\/wp\/wp-content\/uploads\/3-300x75.png 300w, https:\/\/biaf.be\/wp\/wp-content\/uploads\/3-150x38.png 150w\" sizes=\"(max-width: 400px) 100vw, 400px\" \/><figcaption class=\"wp-element-caption\"> <\/figcaption><\/figure>\n<\/div>\n\n\n\n<div class=\"wp-block-column is-layout-flow wp-block-column-is-layout-flow\">\n<p><a href=\"http:\/\/www.justframeit.be\" data-type=\"link\" data-id=\"www.justframeit.be\">www.nabk.nl<\/a><br\/><br\/>L'Association nationale des artistes visuels (NABK) est l'association d'artistes la plus importante et la plus active des Pays-Bas. Gr\u00e2ce \u00e0 la NABK, vous b\u00e9n\u00e9ficiez d'importantes r\u00e9ductions sur les possibilit\u00e9s de pr\u00e9sentation dans les principales foires d'art, dans les livres, sur l'internet et bien plus encore. <\/p>\n\n\n<div class=\"wp-block-image\">\n<figure class=\"aligncenter size-full\"><img decoding=\"async\" width=\"1000\" height=\"527\" src=\"https:\/\/biaf.be\/wp\/wp-content\/uploads\/NABK-logo-2018.jpg\" alt=\"\" class=\"wp-image-11057\" srcset=\"https:\/\/biaf.be\/wp\/wp-content\/uploads\/NABK-logo-2018.jpg 1000w, https:\/\/biaf.be\/wp\/wp-content\/uploads\/NABK-logo-2018-300x158.jpg 300w, https:\/\/biaf.be\/wp\/wp-content\/uploads\/NABK-logo-2018-768x405.jpg 768w, https:\/\/biaf.be\/wp\/wp-content\/uploads\/NABK-logo-2018-500x264.jpg 500w, https:\/\/biaf.be\/wp\/wp-content\/uploads\/NABK-logo-2018-800x422.jpg 800w, https:\/\/biaf.be\/wp\/wp-content\/uploads\/NABK-logo-2018-150x79.jpg 150w, https:\/\/biaf.be\/wp\/wp-content\/uploads\/NABK-logo-2018-420x221.jpg 420w, https:\/\/biaf.be\/wp\/wp-content\/uploads\/NABK-logo-2018-600x316.jpg 600w\" sizes=\"(max-width: 1000px) 100vw, 1000px\" \/><\/figure>\n<\/div><\/div>\n<\/div>\n\n<div class=\"wp-block-columns is-layout-flex wp-container-core-columns-is-layout-9d6595d7 wp-block-columns-is-layout-flex\">\n<div class=\"wp-block-column is-layout-flow wp-block-column-is-layout-flow\">\n<p><a href=\"http:\/\/www.culinicecatering.com\">www.culinicecatering.com<\/a><br\/><br\/>Alles tot in de puntjes geregeld voor uw evenement. <br\/><br\/><\/p>\n\n\n\n<figure class=\"wp-block-image size-full\"><img loading=\"lazy\" decoding=\"async\" width=\"221\" height=\"223\" src=\"https:\/\/biaf.be\/wp\/wp-content\/uploads\/culinice-1.png\" alt=\"\" class=\"wp-image-11073\" srcset=\"https:\/\/biaf.be\/wp\/wp-content\/uploads\/culinice-1.png 221w, https:\/\/biaf.be\/wp\/wp-content\/uploads\/culinice-1-150x150.png 150w, https:\/\/biaf.be\/wp\/wp-content\/uploads\/culinice-1-100x100.png 100w\" sizes=\"(max-width: 221px) 100vw, 221px\" \/><figcaption class=\"wp-element-caption\"> <\/figcaption><\/figure>\n<\/div>\n\n\n\n<div class=\"wp-block-column is-layout-flow wp-block-column-is-layout-flow\">\n<p><a href=\"https:\/\/www.belgianart.be\/nl\/\" data-type=\"link\" data-id=\"https:\/\/www.belgianart.be\/nl\/\">www.belgianart.be\/nl<\/a><br\/><br\/>Via Belgian Art - het platform voor uitsluitend Belgische kunstenaars (Belgische schilders, beeldhouwers, ...), kunstorganisaties en kunstgalerie\u00ebn kan je een groot aanbod aan Belgische kunst ontdekken.<br\/><br\/><\/p>\n\n\n\n<figure class=\"wp-block-image size-full\"><img loading=\"lazy\" decoding=\"async\" width=\"160\" height=\"60\" src=\"https:\/\/biaf.be\/wp\/wp-content\/uploads\/logo_5fdcc5ed6770b.png\" alt=\"\" class=\"wp-image-12151\" srcset=\"https:\/\/biaf.be\/wp\/wp-content\/uploads\/logo_5fdcc5ed6770b.png 160w, https:\/\/biaf.be\/wp\/wp-content\/uploads\/logo_5fdcc5ed6770b-150x56.png 150w\" sizes=\"(max-width: 160px) 100vw, 160px\" \/><figcaption class=\"wp-element-caption\"> <\/figcaption><\/figure>\n<\/div>\n<\/div>\n\n<p><\/p>\n","protected":false},"excerpt":{"rendered":"<p>Le BiAF travaille en \u00e9troite collaboration avec un nombre restreint de partenaires. Si vous souhaitez recevoir des informations sur les possibilit\u00e9s de parrainage et de communication, veuillez envoyer un message \u00e0 l&rsquo;adresse suivante info@biaf.be. www.exhibitionwalls.eu Leur mission est d&rsquo;am\u00e9liorer les foires d&rsquo;art et les \u00e9v\u00e9nements majeurs \u00e0 travers l&rsquo;Europe gr\u00e2ce \u00e0 des services de location qui allient qualit\u00e9, prix abordable, installation ais\u00e9e et service chaleureux. Ils sont convaincus que chacun m\u00e9rite d&rsquo;avoir acc\u00e8s aux bonnes ressources pour r\u00e9aliser ses ambitions. www.justframeit.be Le moyen le plus simple d&rsquo;encadrer sur mesure tout ce que vous aimez. Une entreprise sp\u00e9ciale avec un produit personnalis\u00e9 sp\u00e9cial. Justframeit combine l&rsquo;artisanat traditionnel, le commerce \u00e9lectronique, la logistique et une attention particuli\u00e8re \u00e0 l&rsquo;exp\u00e9rience du client. www.nabk.nl L&rsquo;Association nationale des artistes visuels (NABK) est l&rsquo;association d&rsquo;artistes la plus importante et la plus active des Pays-Bas. Gr\u00e2ce \u00e0 la NABK, vous b\u00e9n\u00e9ficiez d&rsquo;importantes r\u00e9ductions sur les possibilit\u00e9s de pr\u00e9sentation dans les principales foires d&rsquo;art, dans les livres, sur l&rsquo;internet et bien plus encore. www.culinicecatering.com Alles tot in de puntjes geregeld voor uw evenement. www.belgianart.be\/nl Via Belgian Art &#8211; het platform voor uitsluitend Belgische kunstenaars (Belgische schilders, beeldhouwers, &#8230;), kunstorganisaties en kunstgalerie\u00ebn kan je een groot aanbod aan Belgische kunst ontdekken.<\/p>\n","protected":false},"author":411,"featured_media":0,"parent":0,"menu_order":0,"comment_status":"closed","ping_status":"closed","template":"","meta":{"_vp_format_video_url":"","_vp_image_focal_point":[],"footnotes":""},"class_list":["post-11109","page","type-page","status-publish","hentry"],"_links":{"self":[{"href":"https:\/\/biaf.be\/fr\/wp-json\/wp\/v2\/pages\/11109","targetHints":{"allow":["GET"]}}],"collection":[{"href":"https:\/\/biaf.be\/fr\/wp-json\/wp\/v2\/pages"}],"about":[{"href":"https:\/\/biaf.be\/fr\/wp-json\/wp\/v2\/types\/page"}],"author":[{"embeddable":true,"href":"https:\/\/biaf.be\/fr\/wp-json\/wp\/v2\/users\/411"}],"replies":[{"embeddable":true,"href":"https:\/\/biaf.be\/fr\/wp-json\/wp\/v2\/comments?post=11109"}],"version-history":[{"count":3,"href":"https:\/\/biaf.be\/fr\/wp-json\/wp\/v2\/pages\/11109\/revisions"}],"predecessor-version":[{"id":13257,"href":"https:\/\/biaf.be\/fr\/wp-json\/wp\/v2\/pages\/11109\/revisions\/13257"}],"wp:attachment":[{"href":"https:\/\/biaf.be\/fr\/wp-json\/wp\/v2\/media?parent=11109"}],"curies":[{"name":"wp","href":"https:\/\/api.w.org\/{rel}","templated":true}]}}