{"id":10576,"date":"2019-02-06T13:00:54","date_gmt":"2019-02-06T11:00:54","guid":{"rendered":"https:\/\/biaf.be\/stage\/a-propos-de-nous\/"},"modified":"2024-11-05T11:25:02","modified_gmt":"2024-11-05T09:25:02","slug":"a-propos-de-nous","status":"publish","type":"page","link":"https:\/\/biaf.be\/fr\/a-propos-de-nous\/","title":{"rendered":"\u00e0 propos de nous"},"content":{"rendered":"\n<p>BiAF est organis\u00e9 par une petite \u00e9quipe de personnes enthousiastes avec une grande vision. Nous offrons aux artistes\/entrepreneurs internationaux leur propre plateforme. Les visiteurs s'inqui\u00e8tent de la possibilit\u00e9 d'envisager la s\u00e9lection des artistes et de leurs changeurs. Il est possible d'obtenir de meilleurs r\u00e9sultats en dirigeant les \u0153uvres des artistes.   <\/p>\n\n<p>Zo\u00eb Schoonbrood (directrice de l'exposition) et Raoul Locht dirigent l'\u00e9quipe organisatrice. En collaboration avec le personnel du bureau et les collaborateurs tels que les constructeurs de stands, la restauration, les responsables de l'\u00e9clairage et l'agence de relations publiques, nous disposons de nombreuses ann\u00e9es d'exp\u00e9rience dans l'organisation professionnelle de foires d'art de renom.<br\/>Nous tenons \u00e9galement \u00e0 remercier nos b\u00e9n\u00e9voles passionn\u00e9s et tous ceux qui nous aident \u00e0 r\u00e9aliser cette foire ! <\/p>\n\n<p>BiAF - Belgian international Art Fair -<a href=\"http:\/\/www.biaf.be\"> www.biaf.be<\/a> -<a href=\"mailto:info@biaf.be\"> info@biaf.be<\/a><\/p>\n\n<figure class=\"wp-block-image size-large is-resized\"><img fetchpriority=\"high\" decoding=\"async\" width=\"1024\" height=\"1024\" src=\"https:\/\/biaf.be\/stage\/wp-content\/uploads\/BIAF_LOGO_DESIGN_def-02-1-1024x1024.png\" alt=\"\" class=\"wp-image-10205\" style=\"width:718px;height:auto\" srcset=\"https:\/\/biaf.be\/wp\/wp-content\/uploads\/BIAF_LOGO_DESIGN_def-02-1-1024x1024.png 1024w, https:\/\/biaf.be\/wp\/wp-content\/uploads\/BIAF_LOGO_DESIGN_def-02-1-300x300.png 300w, https:\/\/biaf.be\/wp\/wp-content\/uploads\/BIAF_LOGO_DESIGN_def-02-1-150x150.png 150w, https:\/\/biaf.be\/wp\/wp-content\/uploads\/BIAF_LOGO_DESIGN_def-02-1-768x768.png 768w, https:\/\/biaf.be\/wp\/wp-content\/uploads\/BIAF_LOGO_DESIGN_def-02-1-500x500.png 500w, https:\/\/biaf.be\/wp\/wp-content\/uploads\/BIAF_LOGO_DESIGN_def-02-1-800x800.png 800w, https:\/\/biaf.be\/wp\/wp-content\/uploads\/BIAF_LOGO_DESIGN_def-02-1-420x420.png 420w, https:\/\/biaf.be\/wp\/wp-content\/uploads\/BIAF_LOGO_DESIGN_def-02-1-480x480.png 480w, https:\/\/biaf.be\/wp\/wp-content\/uploads\/BIAF_LOGO_DESIGN_def-02-1-600x600.png 600w, https:\/\/biaf.be\/wp\/wp-content\/uploads\/BIAF_LOGO_DESIGN_def-02-1-100x100.png 100w, https:\/\/biaf.be\/wp\/wp-content\/uploads\/BIAF_LOGO_DESIGN_def-02-1.png 1278w\" sizes=\"(max-width: 1024px) 100vw, 1024px\" \/><\/figure>\n","protected":false},"excerpt":{"rendered":"<p>BiAF est organis\u00e9 par une petite \u00e9quipe de personnes enthousiastes avec une grande vision. Nous offrons aux artistes\/entrepreneurs internationaux leur propre plateforme. Les visiteurs s&rsquo;inqui\u00e8tent de la possibilit\u00e9 d&rsquo;envisager la s\u00e9lection des artistes et de leurs changeurs. Il est possible d&rsquo;obtenir de meilleurs r\u00e9sultats en dirigeant les \u0153uvres des artistes. Zo\u00eb Schoonbrood (directrice de l&rsquo;exposition) et Raoul Locht dirigent l&rsquo;\u00e9quipe organisatrice. En collaboration avec le personnel du bureau et les collaborateurs tels que les constructeurs de stands, la restauration, les responsables de l&rsquo;\u00e9clairage et l&rsquo;agence de relations publiques, nous disposons de nombreuses ann\u00e9es d&rsquo;exp\u00e9rience dans l&rsquo;organisation professionnelle de foires d&rsquo;art de renom.Nous tenons \u00e9galement \u00e0 remercier nos b\u00e9n\u00e9voles passionn\u00e9s et tous ceux qui nous aident \u00e0 r\u00e9aliser cette foire ! BiAF &#8211; Belgian international Art Fair &#8211; www.biaf.be &#8211; info@biaf.be<\/p>\n","protected":false},"author":2,"featured_media":0,"parent":0,"menu_order":0,"comment_status":"closed","ping_status":"closed","template":"","meta":{"_vp_format_video_url":"","_vp_image_focal_point":[],"footnotes":""},"class_list":["post-10576","page","type-page","status-publish","hentry"],"_links":{"self":[{"href":"https:\/\/biaf.be\/fr\/wp-json\/wp\/v2\/pages\/10576","targetHints":{"allow":["GET"]}}],"collection":[{"href":"https:\/\/biaf.be\/fr\/wp-json\/wp\/v2\/pages"}],"about":[{"href":"https:\/\/biaf.be\/fr\/wp-json\/wp\/v2\/types\/page"}],"author":[{"embeddable":true,"href":"https:\/\/biaf.be\/fr\/wp-json\/wp\/v2\/users\/2"}],"replies":[{"embeddable":true,"href":"https:\/\/biaf.be\/fr\/wp-json\/wp\/v2\/comments?post=10576"}],"version-history":[{"count":0,"href":"https:\/\/biaf.be\/fr\/wp-json\/wp\/v2\/pages\/10576\/revisions"}],"wp:attachment":[{"href":"https:\/\/biaf.be\/fr\/wp-json\/wp\/v2\/media?parent=10576"}],"curies":[{"name":"wp","href":"https:\/\/api.w.org\/{rel}","templated":true}]}}