{"id":10560,"date":"2019-02-02T22:58:31","date_gmt":"2019-02-02T20:58:31","guid":{"rendered":"https:\/\/biaf.be\/stage\/lemplacement\/"},"modified":"2024-12-17T13:56:36","modified_gmt":"2024-12-17T11:56:36","slug":"lemplacement","status":"publish","type":"page","link":"https:\/\/biaf.be\/fr\/lemplacement\/","title":{"rendered":"localisation"},"content":{"rendered":"<div class=\"wp-block-visual-portfolio\">\n<div class=\"vp-portfolio vp-uid-61d5db26 vp-id-1599\"\n\tdata-vp-layout=\"slider\" data-vp-content-source=\"images\" data-vp-items-style=\"default\" data-vp-items-click-action=\"url\" data-vp-items-gap=\"15\" data-vp-items-gap-vertical=\"\" data-vp-pagination=\"load-more\" data-vp-next-page-url=\"\" data-vp-slider-effect=\"fade\" data-vp-slider-items-height=\"auto\" data-vp-slider-slides-per-view=\"3\" data-vp-slider-speed=\"0.3\" data-vp-slider-autoplay=\"6\" data-vp-slider-autoplay-hover-pause=\"false\" data-vp-slider-centered-slides=\"true\" data-vp-slider-loop=\"false\" data-vp-slider-free-mode=\"false\" data-vp-slider-free-mode-sticky=\"false\" data-vp-slider-arrows=\"false\" data-vp-slider-bullets=\"false\" data-vp-slider-bullets-dynamic=\"false\" data-vp-slider-mousewheel=\"false\" data-vp-slider-thumbnails=\"false\" >\n\t<div class=\"vp-portfolio__preloader-wrap\">\n\t\t<div class=\"vp-portfolio__preloader\">\n\t\t\t<img decoding=\"async\" loading=\"eager\" src=\"https:\/\/biaf.be\/wp\/wp-content\/plugins\/visual-portfolio\/assets\/images\/logo-dark.svg\" alt=\"Visual Portfolio, Posts &amp; Image Gallery for WordPress\" width=\"20\" height=\"20\" data-skip-lazy>\n\t\t<\/div>\n\t<\/div>\n\t\t<div class=\"vp-portfolio__items-wrap\">\n\t\t\t\n<div class=\"vp-portfolio__items vp-portfolio__items-style-default vp-portfolio__items-show-overlay-hover\">\n\n\t\t<div\t\tclass=\"vp-portfolio__item-wrap vp-portfolio__item-uid-55f5a927\" data-vp-filter=\"\" \t\t>\n\t\t\t\t\t\t\t\t\t<figure class=\"vp-portfolio__item\">\n\t\t\t\t\n<div class=\"vp-portfolio__item-img-wrap\">\n\t<div class=\"vp-portfolio__item-img\">\n\t\t\t<a\n\t\thref=\"https:\/\/biaf.be\/wp\/wp-content\/uploads\/screenshot-www.google.com-2019.03.05-13-42-21_1.jpg\"\n\t\taria-label=\"screenshot-www.google.com-2019.03.05-13-42-21_1\" \t>\n\t\n\t\t<noscript><img fetchpriority=\"high\" decoding=\"async\" width=\"1000\" height=\"470\" data-skip-lazy src=\"https:\/\/biaf.be\/wp\/wp-content\/uploads\/screenshot-www.google.com-2019.03.05-13-42-21_1.jpg\" class=\"wp-image-10317\" alt=\"\" srcset=\"https:\/\/biaf.be\/wp\/wp-content\/uploads\/screenshot-www.google.com-2019.03.05-13-42-21_1.jpg 1000w, https:\/\/biaf.be\/wp\/wp-content\/uploads\/screenshot-www.google.com-2019.03.05-13-42-21_1-300x141.jpg 300w, https:\/\/biaf.be\/wp\/wp-content\/uploads\/screenshot-www.google.com-2019.03.05-13-42-21_1-768x361.jpg 768w, https:\/\/biaf.be\/wp\/wp-content\/uploads\/screenshot-www.google.com-2019.03.05-13-42-21_1-500x235.jpg 500w, https:\/\/biaf.be\/wp\/wp-content\/uploads\/screenshot-www.google.com-2019.03.05-13-42-21_1-800x376.jpg 800w, https:\/\/biaf.be\/wp\/wp-content\/uploads\/screenshot-www.google.com-2019.03.05-13-42-21_1-150x71.jpg 150w, https:\/\/biaf.be\/wp\/wp-content\/uploads\/screenshot-www.google.com-2019.03.05-13-42-21_1-420x197.jpg 420w, https:\/\/biaf.be\/wp\/wp-content\/uploads\/screenshot-www.google.com-2019.03.05-13-42-21_1-600x282.jpg 600w\" sizes=\"(max-width: 1000px) 100vw, 1000px\" \/><\/noscript><img decoding=\"async\" width=\"1000\" height=\"470\" src=\"https:\/\/biaf.be\/wp\/wp-content\/uploads\/screenshot-www.google.com-2019.03.05-13-42-21_1.jpg\" class=\"wp-image-10317 vp-lazyload\" alt srcset=\"data:image\/svg+xml;base64,PHN2ZyB3aWR0aD0iMTAwMCIgaGVpZ2h0PSI0NzAiIHZpZXdCb3g9IjAgMCAxMDAwIDQ3MCIgZmlsbD0ibm9uZSIgeG1sbnM9Imh0dHA6Ly93d3cudzMub3JnLzIwMDAvc3ZnIj48L3N2Zz4=\" data-src=\"https:\/\/biaf.be\/wp\/wp-content\/uploads\/screenshot-www.google.com-2019.03.05-13-42-21_1.jpg\" data-srcset=\"https:\/\/biaf.be\/wp\/wp-content\/uploads\/screenshot-www.google.com-2019.03.05-13-42-21_1.jpg 1000w, https:\/\/biaf.be\/wp\/wp-content\/uploads\/screenshot-www.google.com-2019.03.05-13-42-21_1-300x141.jpg 300w, https:\/\/biaf.be\/wp\/wp-content\/uploads\/screenshot-www.google.com-2019.03.05-13-42-21_1-768x361.jpg 768w, https:\/\/biaf.be\/wp\/wp-content\/uploads\/screenshot-www.google.com-2019.03.05-13-42-21_1-500x235.jpg 500w, https:\/\/biaf.be\/wp\/wp-content\/uploads\/screenshot-www.google.com-2019.03.05-13-42-21_1-800x376.jpg 800w, https:\/\/biaf.be\/wp\/wp-content\/uploads\/screenshot-www.google.com-2019.03.05-13-42-21_1-150x71.jpg 150w, https:\/\/biaf.be\/wp\/wp-content\/uploads\/screenshot-www.google.com-2019.03.05-13-42-21_1-420x197.jpg 420w, https:\/\/biaf.be\/wp\/wp-content\/uploads\/screenshot-www.google.com-2019.03.05-13-42-21_1-600x282.jpg 600w\" data-sizes=\"auto\" loading=\"eager\">\n\t\t<div class=\"vp-portfolio__item-overlay\">\n\t\t\t\t\t<\/div>\n\n\t\t<\/a>\t<\/div>\n<\/div>\n\n\t\t\t<\/figure>\n\t\t\t\t\t<\/div>\n\t\t\n<\/div>\n\t\t<\/div>\n\t\t\n<\/div>\n<\/div>\n\n\n<p class=\"has-text-align-right\"><em> <\/em><\/p>\n\n\n\n<p class=\"has-text-align-center has-text-color has-background\" style=\"color:#fefefe;background-color:#448b90\"><strong>La Waagnatie Expo &amp; Event<\/strong> au port d'Anvers accueille <strong>la BiAF 2025<\/strong><\/p>\n\n\n\n<div class=\"wp-block-button\"><a class=\"wp-block-button__link has-text-color has-background no-border-radius wp-element-button\" href=\"https:\/\/www.google.com\/maps\/place\/Waagnatie+Expo+%26+Events\/@51.2336301,4.3997892,17z\/data=!3m1!4b1!4m6!3m5!1s0x47c3f65b1ff15467:0x39d7cab7de08cf2!8m2!3d51.2336301!4d4.4023641!16s%2Fg%2F1w454spg?hl=en%20style=&amp;entry=ttu&amp;g_ep=EgoyMDI0MTAxNi4wIKXMDSoASAFQAw%3D%3D\" style=\"color:#ffffff;background-color:#448b90\" target=\"_blank\" rel=\"noopener noreferrer\"><strong>Google maps<\/strong><\/a><\/div>\n\n\n\n<p><strong>Horaires d'ouverture<\/strong> : samedi 11 octobre et dimanche 12 octobre 2025 de 11 h \u00e0 18 h. <br><br>Waagnatie Expo &amp; Events se situe dans un quartier en plein d\u00e9veloppement. <br>La Waagnatie est un lieu d'exposition particulier offrant d'une part toutes les commodit\u00e9s pratiques dont un \u00e9v\u00e9nement comme la BiAF a besoin, mais aussi le beau charme du patrimoine industriel d'autre part. L'ancien b\u00e2timent portuaire est situ\u00e9 au bord de l'Escaut, \u00e0 deux pas du quartier culturel anim\u00e9 de 't Eilandje et du MAS. La cath\u00e9drale OLV et le centre-ville sont accessibles \u00e0 pied. De plus, \u00e0 proximit\u00e9 imm\u00e9diate du Waagnatie Expo &amp; L'\u00e9v\u00e9nement dispose non seulement d'un parking plus que suffisant et abordable, mais la salle est \u00e9galement facilement accessible par les transports publics. <br><span style=\"font-family: -webkit-standard; font-size: medium; white-space: normal;\"><\/span><br>Gardez un \u0153il sur l'\u00e9volution de la situation du trafic \u00e0 Anvers et autour de Waagnatie via ce lien : <a href=\"http:\/\/slimnaarantwerpen.be\" data-type=\"link\" data-id=\"slimnaarantwerpen.be\" target=\"_blank\" rel=\"noreferrer noopener\">Smart to Anvers<\/a> <br><br><strong>Adresse de visite <\/strong>: Rijnkaai 150 - 2000 Anvers<br><br>Waagnatie est situ\u00e9e dans la zone sans \u00e9missions. Assurez-vous donc de v\u00e9rifier via ce lien si votre voiture est autoris\u00e9e ou non. Vous pouvez \u00e9galement trouver plus d\u2019informations sur la <a href=\"https:\/\/www.slimnaarantwerpen.be\/nl\/lez\" target=\"_blank\" rel=\"noreferrer noopener\">LE<\/a><a href=\"https:\/\/www.slimnaarantwerpen.be\/nl\/lez\">Z<\/a> ici.<\/p>\n\n\n\n<p>Si possible, utilisez les transports en commun ou le v\u00e9lo.<\/p>\n\n\n\n<p><strong>\u00c0 bicyclette<\/strong><br>Les 2 stations de v\u00e9los les plus proches se trouvent dans l'Amsterdamstraat et \u00e0 la station Red Star Line.<br>Plus d\u2019informations sur <a href=\"https:\/\/www.velo-antwerpen.be\/\" target=\"_blank\" rel=\"noreferrer noopener\">www.velo-antwerpen.be<\/a>.<\/p>\n\n\n\n<p><strong>En train<\/strong><br>Depuis la gare centrale d'Anvers, vous pouvez facilement rejoindre Waagnatie, avec l'une des lignes de bus\/tram ci-dessous. Vous pouvez trouver les horaires des trains via <a href=\"http:\/\/www.nmbs.be\/\" target=\"_blank\" rel=\"noreferrer noopener\">www.nmbs.be<\/a>. <\/p>\n\n\n\n<p><strong>En tramway<\/strong><br>Tram 24 (de Silsburg \u00e0 Havenhuis), descendez \u00e0 l'arr\u00eat Anvers Londres, toutes les 10 minutes. (700m de marche)<br>Tram 7 (Mortsel - Eilandje), descendez \u00e0 l'arr\u00eat Antwerpen MAS, toutes les 10 minutes. (350m \u00e0 pied)  <\/p>\n\n\n\n<p><strong>En bus<\/strong><br>Bus 17 (de l'UZA \u00e0 la gare centrale jusqu'\u00e0 Brouwersvliet), descendez \u00e0 l'arr\u00eat Felixpakhuis. (1 km \u00e0 pied) <\/p>\n\n\n\n<p><strong>En voiture ?<\/strong><br>Il y a un parking public payant \u00e0 c\u00f4t\u00e9 de la Waagnatie. Ici, vous payez 6 \u20ac pour un ticket journalier. <\/p>\n\n\n\n<p><br><\/p>\n","protected":false},"excerpt":{"rendered":"<p>La Waagnatie Expo &amp; Event au port d&rsquo;Anvers accueille la BiAF 2025 Horaires d&rsquo;ouverture : samedi 11 octobre et dimanche 12 octobre 2025 de 11 h \u00e0 18 h. Waagnatie Expo &amp; Events se situe dans un quartier en plein d\u00e9veloppement. La Waagnatie est un lieu d&rsquo;exposition particulier offrant d&rsquo;une part toutes les commodit\u00e9s pratiques dont un \u00e9v\u00e9nement comme la BiAF a besoin, mais aussi le beau charme du patrimoine industriel d&rsquo;autre part. L&rsquo;ancien b\u00e2timent portuaire est situ\u00e9 au bord de l&rsquo;Escaut, \u00e0 deux pas du quartier culturel anim\u00e9 de &lsquo;t Eilandje et du MAS. La cath\u00e9drale OLV et le centre-ville sont accessibles \u00e0 pied. De plus, \u00e0 proximit\u00e9 imm\u00e9diate du Waagnatie Expo &amp; L&rsquo;\u00e9v\u00e9nement dispose non seulement d&rsquo;un parking plus que suffisant et abordable, mais la salle est \u00e9galement facilement accessible par les transports publics. Gardez un \u0153il sur l&rsquo;\u00e9volution de la situation du trafic \u00e0 Anvers et autour de Waagnatie via ce lien : Smart to Anvers Adresse de visite : Rijnkaai 150 &#8211; 2000 Anvers Waagnatie est situ\u00e9e dans la zone sans \u00e9missions. Assurez-vous donc de v\u00e9rifier via ce lien si votre voiture est autoris\u00e9e ou non. Vous pouvez \u00e9galement trouver plus d\u2019informations sur la LEZ ici. Si possible, utilisez les transports en commun ou le v\u00e9lo. \u00c0 bicycletteLes 2 stations de v\u00e9los les plus proches se trouvent dans l&rsquo;Amsterdamstraat et \u00e0 la station Red Star Line.Plus d\u2019informations sur www.velo-antwerpen.be. En trainDepuis la gare centrale d&rsquo;Anvers, vous pouvez facilement rejoindre Waagnatie, avec l&rsquo;une des lignes de bus\/tram ci-dessous. Vous pouvez trouver les horaires des trains via www.nmbs.be. En tramwayTram 24 (de Silsburg \u00e0 Havenhuis), descendez \u00e0 l&rsquo;arr\u00eat Anvers Londres, toutes les 10 minutes. (700m de marche)Tram 7 (Mortsel &#8211; Eilandje), descendez \u00e0 l&rsquo;arr\u00eat Antwerpen MAS, toutes les 10 minutes. (350m \u00e0 pied) En busBus 17 (de l&rsquo;UZA \u00e0 la gare centrale jusqu&rsquo;\u00e0 Brouwersvliet), descendez \u00e0 l&rsquo;arr\u00eat Felixpakhuis. (1 km \u00e0 pied) En voiture ?Il y a un parking public payant \u00e0 c\u00f4t\u00e9 de la Waagnatie. Ici, vous payez 6 \u20ac pour un ticket journalier.<\/p>\n","protected":false},"author":2,"featured_media":0,"parent":0,"menu_order":0,"comment_status":"closed","ping_status":"closed","template":"","meta":{"_vp_format_video_url":"","_vp_image_focal_point":[],"footnotes":""},"class_list":["post-10560","page","type-page","status-publish","hentry"],"_links":{"self":[{"href":"https:\/\/biaf.be\/fr\/wp-json\/wp\/v2\/pages\/10560","targetHints":{"allow":["GET"]}}],"collection":[{"href":"https:\/\/biaf.be\/fr\/wp-json\/wp\/v2\/pages"}],"about":[{"href":"https:\/\/biaf.be\/fr\/wp-json\/wp\/v2\/types\/page"}],"author":[{"embeddable":true,"href":"https:\/\/biaf.be\/fr\/wp-json\/wp\/v2\/users\/2"}],"replies":[{"embeddable":true,"href":"https:\/\/biaf.be\/fr\/wp-json\/wp\/v2\/comments?post=10560"}],"version-history":[{"count":0,"href":"https:\/\/biaf.be\/fr\/wp-json\/wp\/v2\/pages\/10560\/revisions"}],"wp:attachment":[{"href":"https:\/\/biaf.be\/fr\/wp-json\/wp\/v2\/media?parent=10560"}],"curies":[{"name":"wp","href":"https:\/\/api.w.org\/{rel}","templated":true}]}}