{"id":10554,"date":"2019-02-02T22:54:27","date_gmt":"2019-02-02T20:54:27","guid":{"rendered":"https:\/\/biaf.be\/stage\/faq\/"},"modified":"2024-11-05T10:47:27","modified_gmt":"2024-11-05T08:47:27","slug":"faq","status":"publish","type":"page","link":"https:\/\/biaf.be\/fr\/faq\/","title":{"rendered":"FAQ"},"content":{"rendered":"\n<p><br\/><strong>De combien d\u2019espace dispose-t-on pour exposer mes \u0153uvres ?<\/strong><br\/>L'int\u00e9gralit\u00e9 du stand que vous avez lou\u00e9 est \u00e0 votre disposition. Vous devez rester dans l\u2019enceinte du stand et ne rien d\u00e9poser dans les all\u00e9es. <br\/> <br\/><strong>Puis-je partager mon logement avec un coll\u00e8gue ?<br\/><\/strong>Oui, c'est possible. Cependant, votre coll\u00e8gue doit \u00e9galement \u00eatre \u00e9lecteur et certaines dispositions particuli\u00e8res s'appliquent, que vous pouvez retrouver ici : <a href=\"https:\/\/dekunstcollegas.nl\/delenstand\" data-type=\"page\" data-id=\"2469\" target=\"_blank\" rel=\"noreferrer noopener\">conditions de partage de stand<\/a> <br\/> <br\/><strong>Qui d\u00e9cide si mes \u0153uvres sont utilis\u00e9es \u00e0 des fins publicitaires ?<\/strong><br\/>L'organisation d\u00e9termine quelles \u0153uvres seront plac\u00e9es sur le site Web, sur des affiches, des billets d'entr\u00e9e et\/ou sur d'autres communications. L'organisation ne facture pas les artistes concern\u00e9s lorsqu'ils utilisent des images d'\u0153uvres. La discussion sur les choix de l'organisation n'est pas possible.  <br\/> <br\/><strong>Puis-je vendre les \u0153uvres d'art expos\u00e9es ?<\/strong><br\/>Oui, c'est autoris\u00e9. En fait, c'est l'intention. Vous pouvez vous adresser aux visiteurs de passage dans le but de les informer et de stimuler leur int\u00e9r\u00eat pour l'achat. (Veuillez toutefois respecter la libert\u00e9 des visiteurs : ils doivent avoir toute possibilit\u00e9 de voir en toute tranquillit\u00e9 les \u0153uvres expos\u00e9es.) Vous pourrez \u00e9galement remettre des cartes de visite, des cartes d'art et des brochures. Vous pouvez \u00e9galement prendre rendez-vous pour des contacts de suivi par e-mail, au domicile des int\u00e9ress\u00e9s, \u00e0 votre studio ou atelier, ou de toute autre mani\u00e8re. Nous vous conseillons de faire cette derni\u00e8re : vous pourrez alors pr\u00eater attention aux autres int\u00e9ress\u00e9s pendant la foire et ensuite montrer vos \u0153uvres dans votre atelier en toute tranquillit\u00e9 avec les int\u00e9ress\u00e9s.      <br\/> <br\/><strong>Si quelqu\u2019un souhaite acheter mon \u0153uvre, comment peut-il \u00eatre pay\u00e9 ?<\/strong><br\/>C'est \u00e0 vous de d\u00e9cider. Le plus souvent, l\u2019acheteur vous paie l\u2019int\u00e9gralit\u00e9 du prix d\u2019achat et vous lui confiez imm\u00e9diatement l\u2019\u0153uvre.<br\/>Mais vous pouvez \u00e9galement convenir que l\u2019acheteur verse un acompte puis paie ensuite le montant restant \u00e0 la livraison de l\u2019\u0153uvre. Chez BiAF, l'organisation dispose d'un distributeur PIN. Dans des conditions pr\u00e9cis\u00e9es \u00e0 l'avance, l'organisme encaissera pour vous le prix d'achat d\u00e9bit\u00e9 puis transf\u00e9rera l'int\u00e9gralit\u00e9 du prix d'achat, d\u00e9duction faite des frais de dossier, sur votre compte.    <br\/> <br\/><strong>Dois-je \u00eatre pr\u00e9sent \u00e0 la BiAF ?<\/strong><br\/>Oui, vous devez \u00eatre pr\u00e9sent vous-m\u00eame. Vous ne pouvez \u00eatre repr\u00e9sent\u00e9 qu'en cas de maladie ou pour toute autre raison urgente et vous pouvez \u00e9galement laisser vos \u0153uvres sans surveillance. Mais il est sage d\u2019\u00eatre \u00e0 proximit\u00e9 de vos \u0153uvres expos\u00e9es. Vous pourrez alors expliquer votre travail et vous aurez les meilleures chances de vendre et de prendre des rendez-vous de suivi.   <br\/> <br\/><strong>Dois-je apporter et r\u00e9cup\u00e9rer mes \u0153uvres moi-m\u00eame ?<\/strong><br\/>Non, ce n'est pas n\u00e9cessaire. Vous pouvez faire livrer et r\u00e9cup\u00e9rer vos \u0153uvres par quiconque, \u00e0 condition que cela se fasse dans les d\u00e9lais fix\u00e9s pour le retrait et le retrait. Nous vous recommandons d'installer vous-m\u00eame votre stand. Apr\u00e8s tout, c'est vous qui d\u00e9cidez comment vos \u0153uvres seront accroch\u00e9es ou expos\u00e9es.   <br\/> <br\/><strong>Quand dois-je d\u00e9poser et r\u00e9cup\u00e9rer mes \u0153uvres ?<\/strong><br\/>Les participants \u00e0 BiAF seront inform\u00e9s en temps opportun de la date et de l'heure de l'installation.<br\/><br\/><strong>Mes \u0153uvres sont-elles assur\u00e9es ?<\/strong><br\/>Si vous indiquez lors de votre inscription que vous souhaitez assurer vos \u0153uvres, oui. Les conditions de la police s'appliquent. <br\/> <br\/><strong>J'ai fait une erreur lors de mon inscription. Comment puis-je r\u00e9soudre ce probl\u00e8me ? <\/strong><br\/>Envoyez un email \u00e0 info@biaf.be et indiquez que vous \u00eates d\u00e9j\u00e0 inscrit et que vous souhaitez modifier quelque chose.<br\/> <br\/><strong>Puis-je modifier ou ajouter quelque chose apr\u00e8s avoir re\u00e7u la confirmation de ma participation ?<\/strong><br\/>Oui, c'est g\u00e9n\u00e9ralement possible. Envoyez un email \u00e0 info@biaf.be et indiquez que vous \u00eates d\u00e9j\u00e0 inscrit et ce que vous souhaitez modifier.  <br\/> <br\/><strong>Puis-je placer des cartes (d\u2019invitation) et des brochures sur mon stand ?<\/strong><br\/>Afin de maintenir l'ordre et la clart\u00e9 du salon, les stands sont de pr\u00e9f\u00e9rence principalement utilis\u00e9s pour l'exposition d'\u0153uvres d'art. Vous pouvez d\u00e9poser des brochures et des cartes de visite sur un plateau de documentation mis \u00e0 disposition gratuitement par l'organisation.  <br\/> <em><br\/><\/em><strong>Puis-je indiquer le prix de vente de mes \u0153uvres ?<\/strong><br\/>Ja, c'est autoris\u00e9, en effet, nous vous conseillons d'indiquer les prix (de mani\u00e8re modeste). Vous pouvez indiquer les prix dans une taille maximale de 10 (l) x 5 (h) centim\u00e8tres. <br\/> <br\/><strong>De quelle couleur sont les murs des stands ?<\/strong><br\/>Les murs (durs) des tribunes sont blanc cass\u00e9. Cela a \u00e9t\u00e9 choisi parce que la plupart des gens \u00e0 la maison ont \u00e9galement des murs plus ou moins blancs dans le salon. <br\/> <br\/><strong>Y a-t-il un rev\u00eatement pour la table ? Si oui, \u00e0 quoi \u00e7a ressemble ? <\/strong><br\/>Oui, avec une table (lou\u00e9e), vous recevrez une jupe de rev\u00eatement noire et lisse qui atteint (presque) le sol sur trois c\u00f4t\u00e9s. Seul le fond reste ouvert (si la table fait face au public). <br\/> <br\/><strong>Combien de visiteurs sont attendus ?<\/strong><br\/>La publicit\u00e9 est compl\u00e8te et gr\u00e2ce \u00e0 l'utilisation d'un nombre relativement important de m\u00e9dias, d'affiches, de d\u00e9pliants et d'autres supports d'information, un nombre relativement important de visiteurs sont attendus. <br\/>En plus de beaucoup de publicit\u00e9 positive, la m\u00e9t\u00e9o a une influence majeure sur le nombre de visiteurs. Par temps froid et mauvais, les gens pr\u00e9f\u00e8rent rester chez eux. Dans des conditions (m\u00e9t\u00e9o) normales, l'organisation s'attend \u00e0 ce que plus de 2 500 amateurs d'art visitent BiAF.   <br\/> <strong><em><br\/><\/em>Pourquoi les visiteurs doivent-ils payer pour acc\u00e9der \u00e0 BiAF ?<br\/><\/strong>Un droit d'entr\u00e9e s\u00e9lectionne les visiteurs. M\u00eame un petit prix d'entr\u00e9e fait la diff\u00e9rence entre les passants qui ne s'int\u00e9ressent pas \u00e0 l'art et les amateurs d'art, les acheteurs et les collectionneurs qui s'int\u00e9ressent s\u00e9rieusement \u00e0 l'art contemporain. Les artistes participants auront \u00e9galement la possibilit\u00e9 de permettre \u00e0 leurs invit\u00e9s de visiter BiAF gratuitement.  <br\/> <br\/><strong>Comment les visiteurs savent-ils quels artistes participent \u00e0 BiAF ??<\/strong><br\/>Les artistes participant \u00e0 la BiAF sont r\u00e9pertori\u00e9s sur le site de la BiAF. <br\/>Lors du salon lui-m\u00eame, tous les stands sont munis des noms des artistes et tous les artistes participants re\u00e7oivent des badges avec leur nom.<br\/> <br\/><strong>Puis-je \u00eatre aid\u00e9 pour monter mon stand ?<br\/><\/strong>Oui, \u00e0 condition que votre aide s'enregistre \u00e0 la r\u00e9ception.<br\/> <br\/><strong>Comment monter mon \u0153uvre sur mon stand ?<\/strong><br\/>Vous disposez des sculptures au sol ou sur des socles que vous apportez avec vous. Des fils perlon sont \u00e0 votre disposition pour accrocher les ouvrages. Vous recevez deux crochets avec chaque fil perlon : avec le crochet fixe vous accrochez le fil perlon autour du haut du mur du support et avec l'autre crochet, qui est r\u00e9glable, vous accrochez l'ouvrage sur le fil perlon. Les fils perlon peuvent supporter des ouvrages jusqu'\u00e0 13 kilos. Toutefois, pour les ouvrages de plus de 8 kilos, deux fils perlon par ouvrage sont recommand\u00e9s, par mesure de s\u00e9curit\u00e9.    <br\/> <br\/><strong>Dois-je \u00e9galement payer si je suis sur la liste d'attente ?<\/strong><br\/>Non, vous n\u2019avez aucun frais \u00e0 payer si vous \u00eates inscrit sur la liste d\u2019attente. <br\/><br\/><strong>Une r\u00e9duction est-elle possible sur la participation \u00e0 la BiAF ?<\/strong><br\/>L'organisation d'un salon professionnel comme BiAF avec des stands aux parois dures, un \u00e9clairage par stand, une promotion et une \u00e9quipe professionnelles, la location du Wintertuin, etc., entra\u00eene simplement des frais. La contribution des artistes participants aux frais de BiAF est la plus faible possible. \u00c9tant donn\u00e9 que tous les co\u00fbts ne sont pas r\u00e9partis et que l'aide de b\u00e9n\u00e9voles r\u00e9duit les co\u00fbts, les co\u00fbts repr\u00e9sentent moins d'un tiers des co\u00fbts d'une foire o\u00f9 les galeries exposent leurs artistes. Les membres de l'Association nationale des artistes visuels (www.NABK.nl) re\u00e7oivent. une remise suppl\u00e9mentaire sur la participation aux frais. Aucune r\u00e9duction suppl\u00e9mentaire n'est possible.   <br\/><br\/><strong>Quand recevrai-je les billets d\u2019entr\u00e9e gratuits inclus avec ma participation \u00e0 la BiAF ?<\/strong><br\/>Vous recevrez les billets d'entr\u00e9e environ 1 mois (jusqu'\u00e0 3 semaines au plus tard) avant le d\u00e9but de BiAF. <br\/><br\/><strong>Puis-je d\u00e9j\u00e0 m'inscrire \u00e0 la prochaine BiAF ?<\/strong><br\/>Oui, c'est possible, nous vous renvoyons \u00e0 l<a href=\"https:\/\/biaf.be\/stage\/aanmelden\/\" data-type=\"link\" data-id=\"https:\/\/biaf.be\/stage\/aanmelden\/\">'inscription.<\/a><br\/><strong><br\/><\/strong>Pour plus de r\u00e9ponses aux \u00e9ventuelles questions, consultez <a href=\"https:\/\/dekunstcollegas.nl\/algemenevoorwaardenbeurzen\" target=\"_blank\" rel=\"noreferrer noopener\">les conditions de participation.<\/a><\/p>\n\n<p><\/p>\n","protected":false},"excerpt":{"rendered":"<p>De combien d\u2019espace dispose-t-on pour exposer mes \u0153uvres ?L&rsquo;int\u00e9gralit\u00e9 du stand que vous avez lou\u00e9 est \u00e0 votre disposition. Vous devez rester dans l\u2019enceinte du stand et ne rien d\u00e9poser dans les all\u00e9es. Puis-je partager mon logement avec un coll\u00e8gue ?Oui, c&rsquo;est possible. Cependant, votre coll\u00e8gue doit \u00e9galement \u00eatre \u00e9lecteur et certaines dispositions particuli\u00e8res s&rsquo;appliquent, que vous pouvez retrouver ici : conditions de partage de stand Qui d\u00e9cide si mes \u0153uvres sont utilis\u00e9es \u00e0 des fins publicitaires ?L&rsquo;organisation d\u00e9termine quelles \u0153uvres seront plac\u00e9es sur le site Web, sur des affiches, des billets d&rsquo;entr\u00e9e et\/ou sur d&rsquo;autres communications. L&rsquo;organisation ne facture pas les artistes concern\u00e9s lorsqu&rsquo;ils utilisent des images d&rsquo;\u0153uvres. La discussion sur les choix de l&rsquo;organisation n&rsquo;est pas possible. Puis-je vendre les \u0153uvres d&rsquo;art expos\u00e9es ?Oui, c&rsquo;est autoris\u00e9. En fait, c&rsquo;est l&rsquo;intention. Vous pouvez vous adresser aux visiteurs de passage dans le but de les informer et de stimuler leur int\u00e9r\u00eat pour l&rsquo;achat. (Veuillez toutefois respecter la libert\u00e9 des visiteurs : ils doivent avoir toute possibilit\u00e9 de voir en toute tranquillit\u00e9 les \u0153uvres expos\u00e9es.) Vous pourrez \u00e9galement remettre des cartes de visite, des cartes d&rsquo;art et des brochures. Vous pouvez \u00e9galement prendre rendez-vous pour des contacts de suivi par e-mail, au domicile des int\u00e9ress\u00e9s, \u00e0 votre studio ou atelier, ou de toute autre mani\u00e8re. Nous vous conseillons de faire cette derni\u00e8re : vous pourrez alors pr\u00eater attention aux autres int\u00e9ress\u00e9s pendant la foire et ensuite montrer vos \u0153uvres dans votre atelier en toute tranquillit\u00e9 avec les int\u00e9ress\u00e9s. Si quelqu\u2019un souhaite acheter mon \u0153uvre, comment peut-il \u00eatre pay\u00e9 ?C&rsquo;est \u00e0 vous de d\u00e9cider. Le plus souvent, l\u2019acheteur vous paie l\u2019int\u00e9gralit\u00e9 du prix d\u2019achat et vous lui confiez imm\u00e9diatement l\u2019\u0153uvre.Mais vous pouvez \u00e9galement convenir que l\u2019acheteur verse un acompte puis paie ensuite le montant restant \u00e0 la livraison de l\u2019\u0153uvre. Chez BiAF, l&rsquo;organisation dispose d&rsquo;un distributeur PIN. Dans des conditions pr\u00e9cis\u00e9es \u00e0 l&rsquo;avance, l&rsquo;organisme encaissera pour vous le prix d&rsquo;achat d\u00e9bit\u00e9 puis transf\u00e9rera l&rsquo;int\u00e9gralit\u00e9 du prix d&rsquo;achat, d\u00e9duction faite des frais de dossier, sur votre compte. Dois-je \u00eatre pr\u00e9sent \u00e0 la BiAF ?Oui, vous devez \u00eatre pr\u00e9sent vous-m\u00eame. Vous ne pouvez \u00eatre repr\u00e9sent\u00e9 qu&rsquo;en cas de maladie ou pour toute autre raison urgente et vous pouvez \u00e9galement laisser vos \u0153uvres sans surveillance. Mais il est sage d\u2019\u00eatre \u00e0 proximit\u00e9 de vos \u0153uvres expos\u00e9es. Vous pourrez alors expliquer votre travail et vous aurez les meilleures chances de vendre et de prendre des rendez-vous de suivi. Dois-je apporter et r\u00e9cup\u00e9rer mes \u0153uvres moi-m\u00eame ?Non, ce n&rsquo;est pas n\u00e9cessaire. Vous pouvez faire livrer et r\u00e9cup\u00e9rer vos \u0153uvres par quiconque, \u00e0 condition que cela se fasse dans les d\u00e9lais fix\u00e9s pour le retrait et le retrait. Nous vous recommandons d&rsquo;installer vous-m\u00eame votre stand. Apr\u00e8s tout, c&rsquo;est vous qui d\u00e9cidez comment vos \u0153uvres seront accroch\u00e9es ou expos\u00e9es. Quand dois-je d\u00e9poser et r\u00e9cup\u00e9rer mes \u0153uvres ?Les participants \u00e0 BiAF seront inform\u00e9s en temps opportun de la date et de l&rsquo;heure de l&rsquo;installation. Mes \u0153uvres sont-elles assur\u00e9es ?Si vous indiquez lors de votre inscription que vous souhaitez assurer vos \u0153uvres, oui. Les conditions de la police s&rsquo;appliquent. J&rsquo;ai fait une erreur lors de mon inscription. Comment puis-je r\u00e9soudre ce probl\u00e8me ? Envoyez un email \u00e0 info@biaf.be et indiquez que vous \u00eates d\u00e9j\u00e0 inscrit et que vous souhaitez modifier quelque chose. Puis-je modifier ou ajouter quelque chose apr\u00e8s avoir re\u00e7u la confirmation de ma participation ?Oui, c&rsquo;est g\u00e9n\u00e9ralement possible. Envoyez un email \u00e0 info@biaf.be et indiquez que vous \u00eates d\u00e9j\u00e0 inscrit et ce que vous souhaitez modifier. Puis-je placer des cartes (d\u2019invitation) et des brochures sur mon stand ?Afin de maintenir l&rsquo;ordre et la clart\u00e9 du salon, les stands sont de pr\u00e9f\u00e9rence principalement utilis\u00e9s pour l&rsquo;exposition d&rsquo;\u0153uvres d&rsquo;art. Vous pouvez d\u00e9poser des brochures et des cartes de visite sur un plateau de documentation mis \u00e0 disposition gratuitement par l&rsquo;organisation. Puis-je indiquer le prix de vente de mes \u0153uvres ?Ja, c&rsquo;est autoris\u00e9, en effet, nous vous conseillons d&rsquo;indiquer les prix (de mani\u00e8re modeste). Vous pouvez indiquer les prix dans une taille maximale de 10 (l) x 5 (h) centim\u00e8tres. De quelle couleur sont les murs des stands ?Les murs (durs) des tribunes sont blanc cass\u00e9. Cela a \u00e9t\u00e9 choisi parce que la plupart des gens \u00e0 la maison ont \u00e9galement des murs plus ou moins blancs dans le salon. Y a-t-il un rev\u00eatement pour la table ? Si oui, \u00e0 quoi \u00e7a ressemble ? Oui, avec une table (lou\u00e9e), vous recevrez une jupe de rev\u00eatement noire et lisse qui atteint (presque) le sol sur trois c\u00f4t\u00e9s. Seul le fond reste ouvert (si la table fait face au public). Combien de visiteurs sont attendus ?La publicit\u00e9 est compl\u00e8te et gr\u00e2ce \u00e0 l&rsquo;utilisation d&rsquo;un nombre relativement important de m\u00e9dias, d&rsquo;affiches, de d\u00e9pliants et d&rsquo;autres supports d&rsquo;information, un nombre relativement important de visiteurs sont attendus. En plus de beaucoup de publicit\u00e9 positive, la m\u00e9t\u00e9o a une influence majeure sur le nombre de visiteurs. Par temps froid et mauvais, les gens pr\u00e9f\u00e8rent rester chez eux. Dans des conditions (m\u00e9t\u00e9o) normales, l&rsquo;organisation s&rsquo;attend \u00e0 ce que plus de 2 500 amateurs d&rsquo;art visitent BiAF. Pourquoi les visiteurs doivent-ils payer pour acc\u00e9der \u00e0 BiAF ?Un droit d&rsquo;entr\u00e9e s\u00e9lectionne les visiteurs. M\u00eame un petit prix d&rsquo;entr\u00e9e fait la diff\u00e9rence entre les passants qui ne s&rsquo;int\u00e9ressent pas \u00e0 l&rsquo;art et les amateurs d&rsquo;art, les acheteurs et les collectionneurs qui s&rsquo;int\u00e9ressent s\u00e9rieusement \u00e0 l&rsquo;art contemporain. Les artistes participants auront \u00e9galement la possibilit\u00e9 de permettre \u00e0 leurs invit\u00e9s de visiter BiAF gratuitement. Comment les visiteurs savent-ils quels artistes participent \u00e0 BiAF ??Les artistes participant \u00e0 la BiAF sont r\u00e9pertori\u00e9s sur le site de la BiAF. Lors du salon lui-m\u00eame, tous les stands sont munis des noms des artistes et tous les artistes participants re\u00e7oivent des badges avec leur nom. Puis-je \u00eatre aid\u00e9 pour monter mon stand ?Oui, \u00e0 condition que votre aide s&rsquo;enregistre \u00e0 la r\u00e9ception. Comment monter mon \u0153uvre sur mon stand ?Vous disposez des sculptures au sol ou sur des socles que vous apportez avec vous. Des fils perlon sont \u00e0 votre disposition pour accrocher les ouvrages. Vous &hellip; <\/p>\n<p class=\"link-more\"><a href=\"https:\/\/biaf.be\/fr\/faq\/\" class=\"read-more\">Read more<span class=\"screen-reader-text\">FAQ<\/span><\/a><\/p>\n","protected":false},"author":2,"featured_media":0,"parent":0,"menu_order":0,"comment_status":"closed","ping_status":"closed","template":"","meta":{"_vp_format_video_url":"","_vp_image_focal_point":[],"footnotes":""},"class_list":["post-10554","page","type-page","status-publish","hentry"],"_links":{"self":[{"href":"https:\/\/biaf.be\/fr\/wp-json\/wp\/v2\/pages\/10554","targetHints":{"allow":["GET"]}}],"collection":[{"href":"https:\/\/biaf.be\/fr\/wp-json\/wp\/v2\/pages"}],"about":[{"href":"https:\/\/biaf.be\/fr\/wp-json\/wp\/v2\/types\/page"}],"author":[{"embeddable":true,"href":"https:\/\/biaf.be\/fr\/wp-json\/wp\/v2\/users\/2"}],"replies":[{"embeddable":true,"href":"https:\/\/biaf.be\/fr\/wp-json\/wp\/v2\/comments?post=10554"}],"version-history":[{"count":0,"href":"https:\/\/biaf.be\/fr\/wp-json\/wp\/v2\/pages\/10554\/revisions"}],"wp:attachment":[{"href":"https:\/\/biaf.be\/fr\/wp-json\/wp\/v2\/media?parent=10554"}],"curies":[{"name":"wp","href":"https:\/\/api.w.org\/{rel}","templated":true}]}}