{"id":10552,"date":"2019-02-07T01:32:20","date_gmt":"2019-02-06T23:32:20","guid":{"rendered":"https:\/\/biaf.be\/stage\/clause-de-non-responsabilite\/"},"modified":"2024-11-05T10:27:29","modified_gmt":"2024-11-05T08:27:29","slug":"clause-de-non-responsabilite","status":"publish","type":"page","link":"https:\/\/biaf.be\/fr\/clause-de-non-responsabilite\/","title":{"rendered":"Clause de non-responsabilit\u00e9"},"content":{"rendered":"\n<p class=\"has-very-light-gray-background-color has-background\"><strong>Conseils ou suggestions ?<br\/><\/strong>Si vous n'\u00eates pas enti\u00e8rement satisfait des informations contenues sur le site Web, des services propos\u00e9s ou fournis ou si vous avez des commentaires pour d'autres raisons. Pourriez-vous nous le faire savoir via info@biaf.be ? <br\/><br\/><strong>Copie de textes et d'images<\/strong><br\/>La copie de textes est autoris\u00e9e. Reproduction des images uniquement apr\u00e8s autorisation \u00e9crite de BiAF.<br\/><strong>Clause de non-responsabilit\u00e9<\/strong><br\/>BiAF s'efforce de vous fournir des informations factuellement correctes. En cas d'informations incorrectes, de r\u00e9f\u00e9rences incorrectes ou d'autres informations incorrectes ou interpr\u00e9t\u00e9es diff\u00e9remment de ce qui est pr\u00e9vu, ni BiAF ni ses employ\u00e9s ne peuvent accepter aucune responsabilit\u00e9.  <\/p>\n","protected":false},"excerpt":{"rendered":"<p>Conseils ou suggestions ?Si vous n&rsquo;\u00eates pas enti\u00e8rement satisfait des informations contenues sur le site Web, des services propos\u00e9s ou fournis ou si vous avez des commentaires pour d&rsquo;autres raisons. Pourriez-vous nous le faire savoir via info@biaf.be ? Copie de textes et d&rsquo;imagesLa copie de textes est autoris\u00e9e. Reproduction des images uniquement apr\u00e8s autorisation \u00e9crite de BiAF.Clause de non-responsabilit\u00e9BiAF s&rsquo;efforce de vous fournir des informations factuellement correctes. En cas d&rsquo;informations incorrectes, de r\u00e9f\u00e9rences incorrectes ou d&rsquo;autres informations incorrectes ou interpr\u00e9t\u00e9es diff\u00e9remment de ce qui est pr\u00e9vu, ni BiAF ni ses employ\u00e9s ne peuvent accepter aucune responsabilit\u00e9.<\/p>\n","protected":false},"author":2,"featured_media":0,"parent":0,"menu_order":0,"comment_status":"closed","ping_status":"closed","template":"","meta":{"_vp_format_video_url":"","_vp_image_focal_point":[],"footnotes":""},"class_list":["post-10552","page","type-page","status-publish","hentry"],"_links":{"self":[{"href":"https:\/\/biaf.be\/fr\/wp-json\/wp\/v2\/pages\/10552","targetHints":{"allow":["GET"]}}],"collection":[{"href":"https:\/\/biaf.be\/fr\/wp-json\/wp\/v2\/pages"}],"about":[{"href":"https:\/\/biaf.be\/fr\/wp-json\/wp\/v2\/types\/page"}],"author":[{"embeddable":true,"href":"https:\/\/biaf.be\/fr\/wp-json\/wp\/v2\/users\/2"}],"replies":[{"embeddable":true,"href":"https:\/\/biaf.be\/fr\/wp-json\/wp\/v2\/comments?post=10552"}],"version-history":[{"count":0,"href":"https:\/\/biaf.be\/fr\/wp-json\/wp\/v2\/pages\/10552\/revisions"}],"wp:attachment":[{"href":"https:\/\/biaf.be\/fr\/wp-json\/wp\/v2\/media?parent=10552"}],"curies":[{"name":"wp","href":"https:\/\/api.w.org\/{rel}","templated":true}]}}