{"id":10529,"date":"2019-02-02T22:57:05","date_gmt":"2019-02-02T20:57:05","guid":{"rendered":"https:\/\/biaf.be\/stage\/visites\/"},"modified":"2024-12-17T13:57:43","modified_gmt":"2024-12-17T11:57:43","slug":"visites","status":"publish","type":"page","link":"https:\/\/biaf.be\/fr\/visites\/","title":{"rendered":"visites"},"content":{"rendered":"\n<p class=\"has-text-align-center\"><strong>Le<\/strong> <strong>BiAF les samedi 11 et dimanche 12 octobre 2025 \u00e0 De Waagnatie Expo &amp; Event \u00e0 Anvers. L'environnement industriel et nostalgique offre \u00e0 la BiAF un cadre propice.  <\/strong><br><strong><strong>Une<a href=\"https:\/\/biaf.be\/stage\/wp\/kunstenaars\/\"> centaine <\/a><\/strong><strong><a href=\"https:\/\/biaf.be\/stage\/kunstenaars\/\" data-type=\"link\" data-id=\"https:\/\/biaf.be\/stage\/kunstenaars\/\" target=\"_blank\" rel=\"noreferrer noopener\">d'artistes s\u00e9lectionn\u00e9s<\/a><\/strong> <strong>pr\u00e9senteront leurs plus belles \u0153uvres.<\/strong> <\/strong><br><strong>La BiAF<\/strong> <strong><strong><strong>est ouverte les deux jours de 11h \u00e0 18h.<\/strong><\/strong><\/strong><\/p>\n\n\n\n<figure class=\"wp-block-image size-full\"><img fetchpriority=\"high\" decoding=\"async\" width=\"1000\" height=\"739\" src=\"https:\/\/biaf.be\/stage\/wp-content\/uploads\/shutterstock_1721265445.jpg\" alt=\"\" class=\"wp-image-10233\" srcset=\"https:\/\/biaf.be\/wp\/wp-content\/uploads\/shutterstock_1721265445.jpg 1000w, https:\/\/biaf.be\/wp\/wp-content\/uploads\/shutterstock_1721265445-300x222.jpg 300w, https:\/\/biaf.be\/wp\/wp-content\/uploads\/shutterstock_1721265445-768x568.jpg 768w, https:\/\/biaf.be\/wp\/wp-content\/uploads\/shutterstock_1721265445-500x370.jpg 500w, https:\/\/biaf.be\/wp\/wp-content\/uploads\/shutterstock_1721265445-800x591.jpg 800w, https:\/\/biaf.be\/wp\/wp-content\/uploads\/shutterstock_1721265445-150x111.jpg 150w, https:\/\/biaf.be\/wp\/wp-content\/uploads\/shutterstock_1721265445-420x310.jpg 420w, https:\/\/biaf.be\/wp\/wp-content\/uploads\/shutterstock_1721265445-600x443.jpg 600w\" sizes=\"(max-width: 1000px) 100vw, 1000px\" \/><\/figure>\n\n\n\n<p class=\"has-black-color has-white-background-color has-text-color has-background\"><strong>Billets<\/strong><br>Un ticket pour BiAF co\u00fbte 13 \u20ac et est valable le samedi ou le dimanche.<br>Un ticket week-end co\u00fbte 18,00 \u20ac et est valable les deux jours.<br>Les enfants de moins de 12 ans peuvent entrer gratuitement.<br>Les billets peuvent \u00e9galement \u00eatre achet\u00e9s \u00e0 la billetterie. Nous acceptons les modes de paiement suivants \u00e0 la caisse :<br>\u2013 Code PIN (Euro\/Mastercard)<br>\u2013 Carte de cr\u00e9dit (Maestro ou VISA)<br>\u2013 Esp\u00e8ces (en euros) <br><br><strong>Bon \u00e0 savoir :<\/strong><br>\u2013 Les chiens ne sont pas admis (\u00e0 l\u2019exception des chiens d\u2019assistance).<br>\u2013 Les grands sacs \u00e0 dos et\/ou sacs de courses ne sont pas autoris\u00e9s dans l\u2019espace d\u2019exposition. Nous vous demandons de laisser les sacs volumineux \u00e0 la maison ou de les d\u00e9poser au vestiaire. <\/p>\n\n\n<p><iframe src=\"\nhttps:\/\/shop.yourticketprovider.nl\/46c3e849-6d6d-f6b8-51b1-63bb8787863e\"\nwidth=\"100%\" height=\"720\" style=\"border: none; overflow: auto\"><\/iframe><\/p>\n","protected":false},"excerpt":{"rendered":"<p>Le BiAF les samedi 11 et dimanche 12 octobre 2025 \u00e0 De Waagnatie Expo &amp; Event \u00e0 Anvers. L&rsquo;environnement industriel et nostalgique offre \u00e0 la BiAF un cadre propice. Une centaine d&rsquo;artistes s\u00e9lectionn\u00e9s pr\u00e9senteront leurs plus belles \u0153uvres. La BiAF est ouverte les deux jours de 11h \u00e0 18h. BilletsUn ticket pour BiAF co\u00fbte 13 \u20ac et est valable le samedi ou le dimanche.Un ticket week-end co\u00fbte 18,00 \u20ac et est valable les deux jours.Les enfants de moins de 12 ans peuvent entrer gratuitement.Les billets peuvent \u00e9galement \u00eatre achet\u00e9s \u00e0 la billetterie. Nous acceptons les modes de paiement suivants \u00e0 la caisse :\u2013 Code PIN (Euro\/Mastercard)\u2013 Carte de cr\u00e9dit (Maestro ou VISA)\u2013 Esp\u00e8ces (en euros) Bon \u00e0 savoir :\u2013 Les chiens ne sont pas admis (\u00e0 l\u2019exception des chiens d\u2019assistance).\u2013 Les grands sacs \u00e0 dos et\/ou sacs de courses ne sont pas autoris\u00e9s dans l\u2019espace d\u2019exposition. Nous vous demandons de laisser les sacs volumineux \u00e0 la maison ou de les d\u00e9poser au vestiaire.<\/p>\n","protected":false},"author":2,"featured_media":0,"parent":0,"menu_order":0,"comment_status":"closed","ping_status":"closed","template":"","meta":{"_vp_format_video_url":"","_vp_image_focal_point":[],"footnotes":""},"class_list":["post-10529","page","type-page","status-publish","hentry"],"_links":{"self":[{"href":"https:\/\/biaf.be\/fr\/wp-json\/wp\/v2\/pages\/10529","targetHints":{"allow":["GET"]}}],"collection":[{"href":"https:\/\/biaf.be\/fr\/wp-json\/wp\/v2\/pages"}],"about":[{"href":"https:\/\/biaf.be\/fr\/wp-json\/wp\/v2\/types\/page"}],"author":[{"embeddable":true,"href":"https:\/\/biaf.be\/fr\/wp-json\/wp\/v2\/users\/2"}],"replies":[{"embeddable":true,"href":"https:\/\/biaf.be\/fr\/wp-json\/wp\/v2\/comments?post=10529"}],"version-history":[{"count":0,"href":"https:\/\/biaf.be\/fr\/wp-json\/wp\/v2\/pages\/10529\/revisions"}],"wp:attachment":[{"href":"https:\/\/biaf.be\/fr\/wp-json\/wp\/v2\/media?parent=10529"}],"curies":[{"name":"wp","href":"https:\/\/api.w.org\/{rel}","templated":true}]}}